{"id":62,"date":"2022-03-27T15:11:31","date_gmt":"2022-03-27T13:11:31","guid":{"rendered":"http:\/\/agfcallianceglissefranchecomte.com\/?page_id=62"},"modified":"2025-12-14T19:31:20","modified_gmt":"2025-12-14T18:31:20","slug":"roller-besancon-inscription","status":"publish","type":"page","link":"https:\/\/agfcallianceglissefranchecomte.com\/index.php\/roller-besancon-inscription\/","title":{"rendered":"Inscription Cours de Roller"},"content":{"rendered":"\n<p class=\"has-text-align-center\">L&rsquo;AGFC est joignable par mail : <\/p>\n\n\n\n<p class=\"has-text-align-center\">alliance.glisse@gmail.com <\/p>\n\n\n\n<p class=\"has-text-align-center\"><\/p>\n\n\n\n<p class=\"has-text-align-center\"><a href=\"https:\/\/www.facebook.com\/AllianceGlisse\/\">https:\/\/www.facebook.com\/AllianceGlisse\/<\/a><\/p>\n\n\n\n<p class=\"has-text-align-center\"><\/p>\n\n\n\n<p><\/p>\n\n\n<div class=\"wp-block-image\">\n<figure class=\"aligncenter size-large\"><img loading=\"lazy\" decoding=\"async\" width=\"1024\" height=\"724\" src=\"http:\/\/agfcallianceglissefranchecomte.com\/wp-content\/uploads\/2025\/09\/Info-rentree-1_1-1024x724.jpg\" alt=\"\" class=\"wp-image-224\" srcset=\"https:\/\/agfcallianceglissefranchecomte.com\/wp-content\/uploads\/2025\/09\/Info-rentree-1_1-1024x724.jpg 1024w, https:\/\/agfcallianceglissefranchecomte.com\/wp-content\/uploads\/2025\/09\/Info-rentree-1_1-300x212.jpg 300w, https:\/\/agfcallianceglissefranchecomte.com\/wp-content\/uploads\/2025\/09\/Info-rentree-1_1-768x543.jpg 768w, https:\/\/agfcallianceglissefranchecomte.com\/wp-content\/uploads\/2025\/09\/Info-rentree-1_1-424x300.jpg 424w, https:\/\/agfcallianceglissefranchecomte.com\/wp-content\/uploads\/2025\/09\/Info-rentree-1_1.jpg 1123w\" sizes=\"auto, (max-width: 1024px) 100vw, 1024px\" \/><\/figure>\n<\/div>\n\n\n<p>Pour l&rsquo;ann\u00e9e 2025-2026, les inscriptions sont ouvertes sur le site HELLO ASSO, partenaire de notre f\u00e9d\u00e9ration.<\/p>\n\n\n\n<p><strong>Inscription et r\u00e8glement en ligne sur : <\/strong><a href=\"https:\/\/www.helloasso.com\/associations\/alliance-glisse-franche-comte\/adhesions\/adhesion-saison-2025-2026\">https:\/\/www.helloasso.com\/associations\/alliance-glisse-franche-comte\/adhesions\/adhesion-saison-2025-2026<\/a><\/p>\n\n\n\n<p><\/p>\n\n\n\n<p>Retrouvez-nous tous les samedis \u00e0 partir de 9h30 au Gymnase Brossolette, 25000 Besan\u00e7on.<\/p>\n\n\n\n<p>Les cours collectifs d\u00e9marrent \u00e0 partir du 13 septembre 2025<\/p>\n\n\n\n<hr class=\"wp-block-separator has-alpha-channel-opacity\"\/>\n\n\n<div class=\"wp-block-image\">\n<figure class=\"aligncenter size-large is-resized\"><img loading=\"lazy\" decoding=\"async\" width=\"1024\" height=\"512\" src=\"http:\/\/agfcallianceglissefranchecomte.com\/wp-content\/uploads\/2022\/07\/Gymnase_Brossolette-1024x512.png\" alt=\"Gymnase Brossolette, 25000 Besan\u00e7on\" class=\"wp-image-144\" style=\"width:728px;height:364px\" srcset=\"https:\/\/agfcallianceglissefranchecomte.com\/wp-content\/uploads\/2022\/07\/Gymnase_Brossolette-1024x512.png 1024w, https:\/\/agfcallianceglissefranchecomte.com\/wp-content\/uploads\/2022\/07\/Gymnase_Brossolette-300x150.png 300w, https:\/\/agfcallianceglissefranchecomte.com\/wp-content\/uploads\/2022\/07\/Gymnase_Brossolette-768x384.png 768w, https:\/\/agfcallianceglissefranchecomte.com\/wp-content\/uploads\/2022\/07\/Gymnase_Brossolette-583x292.png 583w, https:\/\/agfcallianceglissefranchecomte.com\/wp-content\/uploads\/2022\/07\/Gymnase_Brossolette.png 1033w\" sizes=\"auto, (max-width: 1024px) 100vw, 1024px\" \/><\/figure>\n<\/div>\n\n\n<p><\/p>\n\n\n\n<p>Des cours d&rsquo;essai sont possibles le samedi matin \u00e0 partir de 9h30 (avec pr\u00eat des rollers).<\/p>\n\n\n\n<p><br>TARIFS :<br>&#8211; Initiation enfant (-12ans) 70\u20ac\/an<br>&#8211; Etudiant 90\u20ac<br>&#8211; Adulte 110\u20ac\/an<br>&#8211; Mi saison (\u00e0 partir du 15 mars) 60\u20ac\/an<br>&#8211; Acc\u00e8s au CCUB (Centre des Cultures Urbaines Bisontines) 30\u20ac\/an en plus de l\u2019adh\u00e9sion AGFC<br>R\u00e8glement sur le site HELLO ASSO (Paiement par ch\u00e8que-vacance et ancv accept\u00e9s)<br>Tarif d\u00e9gressif \u00e0 partir de la 3\u00e8me inscription de la m\u00eame famille (- 10 \u20ac par personne)<\/p>\n\n\n\n<p><\/p>\n\n\n\n<p>DATES ET HORAIRES :<br>&#8211; Cours randonn\u00e9es le samedi matin de 9h30 \u00e0 11h00 Gymnase BROSSOLETTE<br>&#8211; Cours freestyle, slalom, speed et quad classic le samedi de 11h00 \u00e0 12h30 Gymnase BROSSOLETTE<br>&#8211; Cours randonn\u00e9e en ext\u00e9rieur \u00e0 partir d\u2019avril-mai apr\u00e8s les vacances scolaires<br>&#8211; Acc\u00e8s au CCUB sessions libres (Centre des Cultures Urbaines Bisontines) selon certaines modalit\u00e9s le mardi soir 18h-20h30 et le dimanche matin 10h-12h<br>Pas de cours pendant les vacances scolaires sauf exception<\/p>\n\n\n\n<!--more-->\n\n\n\n<div style=\"height:100px\" aria-hidden=\"true\" class=\"wp-block-spacer\"><\/div>\n","protected":false},"excerpt":{"rendered":"<p>L&rsquo;AGFC est joignable par mail : alliance.glisse@gmail.com https:\/\/www.facebook.com\/AllianceGlisse\/ Pour l&rsquo;ann\u00e9e 2025-2026, les inscriptions sont ouvertes sur le site HELLO ASSO, partenaire de notre f\u00e9d\u00e9ration. Inscription &hellip;<\/p>\n","protected":false},"author":1,"featured_media":0,"parent":0,"menu_order":1,"comment_status":"closed","ping_status":"closed","template":"","meta":{"footnotes":""},"class_list":["post-62","page","type-page","status-publish","hentry"],"yoast_head":"<!-- This site is optimized with the Yoast SEO plugin v21.2 - https:\/\/yoast.com\/wordpress\/plugins\/seo\/ -->\n<title>Inscription Cours de Roller - AGFC<\/title>\n<meta name=\"description\" content=\"Roller Besan\u00e7on Formulaire et modalit\u00e9s d&#039;inscription tarifs AGFC pour l&#039;ann\u00e9e 2022-2023\" \/>\n<meta name=\"robots\" content=\"index, follow, max-snippet:-1, max-image-preview:large, max-video-preview:-1\" \/>\n<link rel=\"canonical\" href=\"https:\/\/agfcallianceglissefranchecomte.com\/index.php\/roller-besancon-inscription\/\" \/>\n<meta property=\"og:locale\" content=\"fr_FR\" \/>\n<meta property=\"og:type\" content=\"article\" \/>\n<meta property=\"og:title\" content=\"Inscription Cours de Roller - AGFC\" \/>\n<meta property=\"og:description\" content=\"Roller Besan\u00e7on Formulaire et modalit\u00e9s d&#039;inscription tarifs AGFC pour l&#039;ann\u00e9e 2022-2023\" \/>\n<meta property=\"og:url\" content=\"https:\/\/agfcallianceglissefranchecomte.com\/index.php\/roller-besancon-inscription\/\" \/>\n<meta property=\"og:site_name\" content=\"AGFC\" \/>\n<meta property=\"article:publisher\" content=\"https:\/\/www.facebook.com\/AGFC-Alliance-Glisse-Franche-Comt%c3%a9-110770921479381\" \/>\n<meta property=\"article:modified_time\" content=\"2025-12-14T18:31:20+00:00\" \/>\n<meta property=\"og:image\" content=\"http:\/\/agfcallianceglissefranchecomte.com\/wp-content\/uploads\/2025\/09\/Info-rentree-1_1-1024x724.jpg\" \/>\n<meta name=\"twitter:card\" content=\"summary_large_image\" \/>\n<meta name=\"twitter:label1\" content=\"Dur\u00e9e de lecture estim\u00e9e\" \/>\n\t<meta name=\"twitter:data1\" content=\"2 minutes\" \/>\n<script type=\"application\/ld+json\" class=\"yoast-schema-graph\">{\"@context\":\"https:\/\/schema.org\",\"@graph\":[{\"@type\":\"WebPage\",\"@id\":\"https:\/\/agfcallianceglissefranchecomte.com\/index.php\/roller-besancon-inscription\/\",\"url\":\"https:\/\/agfcallianceglissefranchecomte.com\/index.php\/roller-besancon-inscription\/\",\"name\":\"Inscription Cours de Roller - AGFC\",\"isPartOf\":{\"@id\":\"https:\/\/agfcallianceglissefranchecomte.com\/#website\"},\"datePublished\":\"2022-03-27T13:11:31+00:00\",\"dateModified\":\"2025-12-14T18:31:20+00:00\",\"description\":\"Roller Besan\u00e7on Formulaire et modalit\u00e9s d'inscription tarifs AGFC pour l'ann\u00e9e 2022-2023\",\"breadcrumb\":{\"@id\":\"https:\/\/agfcallianceglissefranchecomte.com\/index.php\/roller-besancon-inscription\/#breadcrumb\"},\"inLanguage\":\"fr-FR\",\"potentialAction\":[{\"@type\":\"ReadAction\",\"target\":[\"https:\/\/agfcallianceglissefranchecomte.com\/index.php\/roller-besancon-inscription\/\"]}]},{\"@type\":\"BreadcrumbList\",\"@id\":\"https:\/\/agfcallianceglissefranchecomte.com\/index.php\/roller-besancon-inscription\/#breadcrumb\",\"itemListElement\":[{\"@type\":\"ListItem\",\"position\":1,\"name\":\"Accueil\",\"item\":\"https:\/\/agfcallianceglissefranchecomte.com\/\"},{\"@type\":\"ListItem\",\"position\":2,\"name\":\"Inscription Cours de Roller\"}]},{\"@type\":\"WebSite\",\"@id\":\"https:\/\/agfcallianceglissefranchecomte.com\/#website\",\"url\":\"https:\/\/agfcallianceglissefranchecomte.com\/\",\"name\":\"AGFC\",\"description\":\"Alliance Glisse Franche Comt\u00e9\",\"publisher\":{\"@id\":\"https:\/\/agfcallianceglissefranchecomte.com\/#organization\"},\"potentialAction\":[{\"@type\":\"SearchAction\",\"target\":{\"@type\":\"EntryPoint\",\"urlTemplate\":\"https:\/\/agfcallianceglissefranchecomte.com\/?s={search_term_string}\"},\"query-input\":\"required name=search_term_string\"}],\"inLanguage\":\"fr-FR\"},{\"@type\":\"Organization\",\"@id\":\"https:\/\/agfcallianceglissefranchecomte.com\/#organization\",\"name\":\"AGFC Roller\",\"url\":\"https:\/\/agfcallianceglissefranchecomte.com\/\",\"logo\":{\"@type\":\"ImageObject\",\"inLanguage\":\"fr-FR\",\"@id\":\"https:\/\/agfcallianceglissefranchecomte.com\/#\/schema\/logo\/image\/\",\"url\":\"http:\/\/agfcallianceglissefranchecomte.com\/wp-content\/uploads\/2022\/01\/logo-AGFC-vb-2.jpg\",\"contentUrl\":\"http:\/\/agfcallianceglissefranchecomte.com\/wp-content\/uploads\/2022\/01\/logo-AGFC-vb-2.jpg\",\"width\":229,\"height\":106,\"caption\":\"AGFC Roller\"},\"image\":{\"@id\":\"https:\/\/agfcallianceglissefranchecomte.com\/#\/schema\/logo\/image\/\"},\"sameAs\":[\"https:\/\/www.facebook.com\/AGFC-Alliance-Glisse-Franche-Comt\u00e9-110770921479381\"]}]}<\/script>\n<!-- \/ Yoast SEO plugin. -->","yoast_head_json":{"title":"Inscription Cours de Roller - AGFC","description":"Roller Besan\u00e7on Formulaire et modalit\u00e9s d'inscription tarifs AGFC pour l'ann\u00e9e 2022-2023","robots":{"index":"index","follow":"follow","max-snippet":"max-snippet:-1","max-image-preview":"max-image-preview:large","max-video-preview":"max-video-preview:-1"},"canonical":"https:\/\/agfcallianceglissefranchecomte.com\/index.php\/roller-besancon-inscription\/","og_locale":"fr_FR","og_type":"article","og_title":"Inscription Cours de Roller - AGFC","og_description":"Roller Besan\u00e7on Formulaire et modalit\u00e9s d'inscription tarifs AGFC pour l'ann\u00e9e 2022-2023","og_url":"https:\/\/agfcallianceglissefranchecomte.com\/index.php\/roller-besancon-inscription\/","og_site_name":"AGFC","article_publisher":"https:\/\/www.facebook.com\/AGFC-Alliance-Glisse-Franche-Comt%c3%a9-110770921479381","article_modified_time":"2025-12-14T18:31:20+00:00","og_image":[{"url":"http:\/\/agfcallianceglissefranchecomte.com\/wp-content\/uploads\/2025\/09\/Info-rentree-1_1-1024x724.jpg"}],"twitter_card":"summary_large_image","twitter_misc":{"Dur\u00e9e de lecture estim\u00e9e":"2 minutes"},"schema":{"@context":"https:\/\/schema.org","@graph":[{"@type":"WebPage","@id":"https:\/\/agfcallianceglissefranchecomte.com\/index.php\/roller-besancon-inscription\/","url":"https:\/\/agfcallianceglissefranchecomte.com\/index.php\/roller-besancon-inscription\/","name":"Inscription Cours de Roller - AGFC","isPartOf":{"@id":"https:\/\/agfcallianceglissefranchecomte.com\/#website"},"datePublished":"2022-03-27T13:11:31+00:00","dateModified":"2025-12-14T18:31:20+00:00","description":"Roller Besan\u00e7on Formulaire et modalit\u00e9s d'inscription tarifs AGFC pour l'ann\u00e9e 2022-2023","breadcrumb":{"@id":"https:\/\/agfcallianceglissefranchecomte.com\/index.php\/roller-besancon-inscription\/#breadcrumb"},"inLanguage":"fr-FR","potentialAction":[{"@type":"ReadAction","target":["https:\/\/agfcallianceglissefranchecomte.com\/index.php\/roller-besancon-inscription\/"]}]},{"@type":"BreadcrumbList","@id":"https:\/\/agfcallianceglissefranchecomte.com\/index.php\/roller-besancon-inscription\/#breadcrumb","itemListElement":[{"@type":"ListItem","position":1,"name":"Accueil","item":"https:\/\/agfcallianceglissefranchecomte.com\/"},{"@type":"ListItem","position":2,"name":"Inscription Cours de Roller"}]},{"@type":"WebSite","@id":"https:\/\/agfcallianceglissefranchecomte.com\/#website","url":"https:\/\/agfcallianceglissefranchecomte.com\/","name":"AGFC","description":"Alliance Glisse Franche Comt\u00e9","publisher":{"@id":"https:\/\/agfcallianceglissefranchecomte.com\/#organization"},"potentialAction":[{"@type":"SearchAction","target":{"@type":"EntryPoint","urlTemplate":"https:\/\/agfcallianceglissefranchecomte.com\/?s={search_term_string}"},"query-input":"required name=search_term_string"}],"inLanguage":"fr-FR"},{"@type":"Organization","@id":"https:\/\/agfcallianceglissefranchecomte.com\/#organization","name":"AGFC Roller","url":"https:\/\/agfcallianceglissefranchecomte.com\/","logo":{"@type":"ImageObject","inLanguage":"fr-FR","@id":"https:\/\/agfcallianceglissefranchecomte.com\/#\/schema\/logo\/image\/","url":"http:\/\/agfcallianceglissefranchecomte.com\/wp-content\/uploads\/2022\/01\/logo-AGFC-vb-2.jpg","contentUrl":"http:\/\/agfcallianceglissefranchecomte.com\/wp-content\/uploads\/2022\/01\/logo-AGFC-vb-2.jpg","width":229,"height":106,"caption":"AGFC Roller"},"image":{"@id":"https:\/\/agfcallianceglissefranchecomte.com\/#\/schema\/logo\/image\/"},"sameAs":["https:\/\/www.facebook.com\/AGFC-Alliance-Glisse-Franche-Comt\u00e9-110770921479381"]}]}},"_links":{"self":[{"href":"https:\/\/agfcallianceglissefranchecomte.com\/index.php\/wp-json\/wp\/v2\/pages\/62","targetHints":{"allow":["GET"]}}],"collection":[{"href":"https:\/\/agfcallianceglissefranchecomte.com\/index.php\/wp-json\/wp\/v2\/pages"}],"about":[{"href":"https:\/\/agfcallianceglissefranchecomte.com\/index.php\/wp-json\/wp\/v2\/types\/page"}],"author":[{"embeddable":true,"href":"https:\/\/agfcallianceglissefranchecomte.com\/index.php\/wp-json\/wp\/v2\/users\/1"}],"replies":[{"embeddable":true,"href":"https:\/\/agfcallianceglissefranchecomte.com\/index.php\/wp-json\/wp\/v2\/comments?post=62"}],"version-history":[{"count":28,"href":"https:\/\/agfcallianceglissefranchecomte.com\/index.php\/wp-json\/wp\/v2\/pages\/62\/revisions"}],"predecessor-version":[{"id":233,"href":"https:\/\/agfcallianceglissefranchecomte.com\/index.php\/wp-json\/wp\/v2\/pages\/62\/revisions\/233"}],"wp:attachment":[{"href":"https:\/\/agfcallianceglissefranchecomte.com\/index.php\/wp-json\/wp\/v2\/media?parent=62"}],"curies":[{"name":"wp","href":"https:\/\/api.w.org\/{rel}","templated":true}]}}