{"id":31,"date":"2022-03-27T15:10:20","date_gmt":"2022-03-27T13:10:20","guid":{"rendered":"http:\/\/agfcallianceglissefranchecomte.com\/?page_id=31"},"modified":"2025-12-14T19:43:12","modified_gmt":"2025-12-14T18:43:12","slug":"stage-roller-freestyle","status":"publish","type":"page","link":"https:\/\/agfcallianceglissefranchecomte.com\/index.php\/stage-roller-freestyle\/","title":{"rendered":"Cours de freestyle &#8211; slalom"},"content":{"rendered":"\n<p>Tous les samedis matins,<\/p>\n\n\n\n<p>venez vous initiez au freestyle, speed slalom et saut !<\/p>\n\n\n\n<p><\/p>\n\n\n<div class=\"wp-block-image\">\n<figure class=\"aligncenter size-large\"><img loading=\"lazy\" decoding=\"async\" width=\"1024\" height=\"724\" src=\"http:\/\/agfcallianceglissefranchecomte.com\/wp-content\/uploads\/2024\/09\/Slalom-1024x724.jpg\" alt=\"\" class=\"wp-image-207\" srcset=\"https:\/\/agfcallianceglissefranchecomte.com\/wp-content\/uploads\/2024\/09\/Slalom-1024x724.jpg 1024w, https:\/\/agfcallianceglissefranchecomte.com\/wp-content\/uploads\/2024\/09\/Slalom-300x212.jpg 300w, https:\/\/agfcallianceglissefranchecomte.com\/wp-content\/uploads\/2024\/09\/Slalom-768x543.jpg 768w, https:\/\/agfcallianceglissefranchecomte.com\/wp-content\/uploads\/2024\/09\/Slalom-1536x1086.jpg 1536w, https:\/\/agfcallianceglissefranchecomte.com\/wp-content\/uploads\/2024\/09\/Slalom-424x300.jpg 424w, https:\/\/agfcallianceglissefranchecomte.com\/wp-content\/uploads\/2024\/09\/Slalom.jpg 2000w\" sizes=\"auto, (max-width: 1024px) 100vw, 1024px\" \/><\/figure>\n<\/div>\n\n\n<hr class=\"wp-block-separator has-alpha-channel-opacity\"\/>\n\n\n\n<figure class=\"wp-block-gallery has-nested-images columns-default is-cropped wp-block-gallery-1 is-layout-flex wp-block-gallery-is-layout-flex\">\n<figure class=\"wp-block-image size-large\"><img loading=\"lazy\" decoding=\"async\" width=\"711\" height=\"1066\" data-id=\"49\" src=\"http:\/\/agfcallianceglissefranchecomte.com\/wp-content\/uploads\/2022\/03\/1647366378132-edited.jpg\" alt=\"\" class=\"wp-image-49\" srcset=\"https:\/\/agfcallianceglissefranchecomte.com\/wp-content\/uploads\/2022\/03\/1647366378132-edited.jpg 711w, https:\/\/agfcallianceglissefranchecomte.com\/wp-content\/uploads\/2022\/03\/1647366378132-edited-200x300.jpg 200w, https:\/\/agfcallianceglissefranchecomte.com\/wp-content\/uploads\/2022\/03\/1647366378132-edited-683x1024.jpg 683w\" sizes=\"auto, (max-width: 711px) 100vw, 711px\" \/><\/figure>\n\n\n\n<figure class=\"wp-block-image size-large\"><img loading=\"lazy\" decoding=\"async\" width=\"681\" height=\"1024\" data-id=\"140\" src=\"http:\/\/agfcallianceglissefranchecomte.com\/wp-content\/uploads\/2022\/07\/IMG_7070-681x1024.jpeg\" alt=\"\" class=\"wp-image-140\" srcset=\"https:\/\/agfcallianceglissefranchecomte.com\/wp-content\/uploads\/2022\/07\/IMG_7070-681x1024.jpeg 681w, https:\/\/agfcallianceglissefranchecomte.com\/wp-content\/uploads\/2022\/07\/IMG_7070-199x300.jpeg 199w, https:\/\/agfcallianceglissefranchecomte.com\/wp-content\/uploads\/2022\/07\/IMG_7070-768x1156.jpeg 768w, https:\/\/agfcallianceglissefranchecomte.com\/wp-content\/uploads\/2022\/07\/IMG_7070-1021x1536.jpeg 1021w, https:\/\/agfcallianceglissefranchecomte.com\/wp-content\/uploads\/2022\/07\/IMG_7070.jpeg 1361w\" sizes=\"auto, (max-width: 681px) 100vw, 681px\" \/><\/figure>\n<\/figure>\n\n\n\n<h2 class=\"wp-block-heading\">Comp\u00e9tition roller freestyle 2026<\/h2>\n\n\n\n<p>Organis\u00e9e par l&rsquo;AGFC, elle aura lieu le 11 Janvier au Gymnase Montboucons \u00e0 Besan\u00e7on.<\/p>\n\n\n\n<p>Toutes les modalit\u00e9s ci-dessous : Epreuves, horaires, tarifs et inscriptions via <a href=\"https:\/\/my.rolskanet.fr\/\">my.rolskanet.fr<\/a><\/p>\n\n\n\n\n\n<p><\/p>\n\n\n\n<figure class=\"wp-block-image size-large\"><img loading=\"lazy\" decoding=\"async\" width=\"723\" height=\"1024\" src=\"https:\/\/agfcallianceglissefranchecomte.com\/wp-content\/uploads\/2025\/12\/Starter_2026-1-723x1024.jpg\" alt=\"\" class=\"wp-image-229\" srcset=\"https:\/\/agfcallianceglissefranchecomte.com\/wp-content\/uploads\/2025\/12\/Starter_2026-1-723x1024.jpg 723w, https:\/\/agfcallianceglissefranchecomte.com\/wp-content\/uploads\/2025\/12\/Starter_2026-1-212x300.jpg 212w, https:\/\/agfcallianceglissefranchecomte.com\/wp-content\/uploads\/2025\/12\/Starter_2026-1-768x1088.jpg 768w, https:\/\/agfcallianceglissefranchecomte.com\/wp-content\/uploads\/2025\/12\/Starter_2026-1.jpg 793w\" sizes=\"auto, (max-width: 723px) 100vw, 723px\" \/><\/figure>\n\n\n\n<figure class=\"wp-block-gallery has-nested-images columns-default is-cropped wp-block-gallery-2 is-layout-flex wp-block-gallery-is-layout-flex\">\n<figure class=\"wp-block-image size-large\"><img loading=\"lazy\" decoding=\"async\" width=\"723\" height=\"1024\" data-id=\"230\" src=\"https:\/\/agfcallianceglissefranchecomte.com\/wp-content\/uploads\/2025\/12\/Starter_2026-2-723x1024.jpg\" alt=\"\" class=\"wp-image-230\" srcset=\"https:\/\/agfcallianceglissefranchecomte.com\/wp-content\/uploads\/2025\/12\/Starter_2026-2-723x1024.jpg 723w, https:\/\/agfcallianceglissefranchecomte.com\/wp-content\/uploads\/2025\/12\/Starter_2026-2-212x300.jpg 212w, https:\/\/agfcallianceglissefranchecomte.com\/wp-content\/uploads\/2025\/12\/Starter_2026-2-768x1088.jpg 768w, https:\/\/agfcallianceglissefranchecomte.com\/wp-content\/uploads\/2025\/12\/Starter_2026-2.jpg 793w\" sizes=\"auto, (max-width: 723px) 100vw, 723px\" \/><\/figure>\n<\/figure>\n\n\n\n<p><\/p>\n\n\n\n<p><\/p>\n\n\n\n<hr class=\"wp-block-separator has-alpha-channel-opacity\"\/>\n\n\n\n<p><\/p>\n","protected":false},"excerpt":{"rendered":"<p>Tous les samedis matins, venez vous initiez au freestyle, speed slalom et saut ! Comp\u00e9tition roller freestyle 2026 Organis\u00e9e par l&rsquo;AGFC, elle aura lieu le &hellip;<\/p>\n","protected":false},"author":1,"featured_media":0,"parent":0,"menu_order":0,"comment_status":"closed","ping_status":"closed","template":"","meta":{"footnotes":""},"class_list":["post-31","page","type-page","status-publish","hentry"],"yoast_head":"<!-- This site is optimized with the Yoast SEO plugin v21.2 - https:\/\/yoast.com\/wordpress\/plugins\/seo\/ -->\n<title>Cours de freestyle - slalom - AGFC<\/title>\n<meta name=\"description\" content=\"Stage roller freestyle - Besan\u00e7on - Ks\u00e9niia KOMARCHUK - 19 novembre 2022\" \/>\n<meta name=\"robots\" content=\"index, follow, max-snippet:-1, max-image-preview:large, max-video-preview:-1\" \/>\n<link rel=\"canonical\" href=\"https:\/\/agfcallianceglissefranchecomte.com\/index.php\/stage-roller-freestyle\/\" \/>\n<meta property=\"og:locale\" content=\"fr_FR\" \/>\n<meta property=\"og:type\" content=\"article\" \/>\n<meta property=\"og:title\" content=\"Cours de freestyle - slalom - AGFC\" \/>\n<meta property=\"og:description\" content=\"Stage roller freestyle - Besan\u00e7on - Ks\u00e9niia KOMARCHUK - 19 novembre 2022\" \/>\n<meta property=\"og:url\" content=\"https:\/\/agfcallianceglissefranchecomte.com\/index.php\/stage-roller-freestyle\/\" \/>\n<meta property=\"og:site_name\" content=\"AGFC\" \/>\n<meta property=\"article:publisher\" content=\"https:\/\/www.facebook.com\/AGFC-Alliance-Glisse-Franche-Comt%c3%a9-110770921479381\" \/>\n<meta property=\"article:modified_time\" content=\"2025-12-14T18:43:12+00:00\" \/>\n<meta property=\"og:image\" content=\"http:\/\/agfcallianceglissefranchecomte.com\/wp-content\/uploads\/2024\/09\/Slalom-1024x724.jpg\" \/>\n<meta name=\"twitter:card\" content=\"summary_large_image\" \/>\n<meta name=\"twitter:label1\" content=\"Dur\u00e9e de lecture estim\u00e9e\" \/>\n\t<meta name=\"twitter:data1\" content=\"2 minutes\" \/>\n<script type=\"application\/ld+json\" class=\"yoast-schema-graph\">{\"@context\":\"https:\/\/schema.org\",\"@graph\":[{\"@type\":\"WebPage\",\"@id\":\"https:\/\/agfcallianceglissefranchecomte.com\/index.php\/stage-roller-freestyle\/\",\"url\":\"https:\/\/agfcallianceglissefranchecomte.com\/index.php\/stage-roller-freestyle\/\",\"name\":\"Cours de freestyle - slalom - AGFC\",\"isPartOf\":{\"@id\":\"https:\/\/agfcallianceglissefranchecomte.com\/#website\"},\"datePublished\":\"2022-03-27T13:10:20+00:00\",\"dateModified\":\"2025-12-14T18:43:12+00:00\",\"description\":\"Stage roller freestyle - Besan\u00e7on - Ks\u00e9niia KOMARCHUK - 19 novembre 2022\",\"breadcrumb\":{\"@id\":\"https:\/\/agfcallianceglissefranchecomte.com\/index.php\/stage-roller-freestyle\/#breadcrumb\"},\"inLanguage\":\"fr-FR\",\"potentialAction\":[{\"@type\":\"ReadAction\",\"target\":[\"https:\/\/agfcallianceglissefranchecomte.com\/index.php\/stage-roller-freestyle\/\"]}]},{\"@type\":\"BreadcrumbList\",\"@id\":\"https:\/\/agfcallianceglissefranchecomte.com\/index.php\/stage-roller-freestyle\/#breadcrumb\",\"itemListElement\":[{\"@type\":\"ListItem\",\"position\":1,\"name\":\"Accueil\",\"item\":\"https:\/\/agfcallianceglissefranchecomte.com\/\"},{\"@type\":\"ListItem\",\"position\":2,\"name\":\"Cours de freestyle &#8211; slalom\"}]},{\"@type\":\"WebSite\",\"@id\":\"https:\/\/agfcallianceglissefranchecomte.com\/#website\",\"url\":\"https:\/\/agfcallianceglissefranchecomte.com\/\",\"name\":\"AGFC\",\"description\":\"Alliance Glisse Franche Comt\u00e9\",\"publisher\":{\"@id\":\"https:\/\/agfcallianceglissefranchecomte.com\/#organization\"},\"potentialAction\":[{\"@type\":\"SearchAction\",\"target\":{\"@type\":\"EntryPoint\",\"urlTemplate\":\"https:\/\/agfcallianceglissefranchecomte.com\/?s={search_term_string}\"},\"query-input\":\"required name=search_term_string\"}],\"inLanguage\":\"fr-FR\"},{\"@type\":\"Organization\",\"@id\":\"https:\/\/agfcallianceglissefranchecomte.com\/#organization\",\"name\":\"AGFC Roller\",\"url\":\"https:\/\/agfcallianceglissefranchecomte.com\/\",\"logo\":{\"@type\":\"ImageObject\",\"inLanguage\":\"fr-FR\",\"@id\":\"https:\/\/agfcallianceglissefranchecomte.com\/#\/schema\/logo\/image\/\",\"url\":\"http:\/\/agfcallianceglissefranchecomte.com\/wp-content\/uploads\/2022\/01\/logo-AGFC-vb-2.jpg\",\"contentUrl\":\"http:\/\/agfcallianceglissefranchecomte.com\/wp-content\/uploads\/2022\/01\/logo-AGFC-vb-2.jpg\",\"width\":229,\"height\":106,\"caption\":\"AGFC Roller\"},\"image\":{\"@id\":\"https:\/\/agfcallianceglissefranchecomte.com\/#\/schema\/logo\/image\/\"},\"sameAs\":[\"https:\/\/www.facebook.com\/AGFC-Alliance-Glisse-Franche-Comt\u00e9-110770921479381\"]}]}<\/script>\n<!-- \/ Yoast SEO plugin. -->","yoast_head_json":{"title":"Cours de freestyle - slalom - AGFC","description":"Stage roller freestyle - Besan\u00e7on - Ks\u00e9niia KOMARCHUK - 19 novembre 2022","robots":{"index":"index","follow":"follow","max-snippet":"max-snippet:-1","max-image-preview":"max-image-preview:large","max-video-preview":"max-video-preview:-1"},"canonical":"https:\/\/agfcallianceglissefranchecomte.com\/index.php\/stage-roller-freestyle\/","og_locale":"fr_FR","og_type":"article","og_title":"Cours de freestyle - slalom - AGFC","og_description":"Stage roller freestyle - Besan\u00e7on - Ks\u00e9niia KOMARCHUK - 19 novembre 2022","og_url":"https:\/\/agfcallianceglissefranchecomte.com\/index.php\/stage-roller-freestyle\/","og_site_name":"AGFC","article_publisher":"https:\/\/www.facebook.com\/AGFC-Alliance-Glisse-Franche-Comt%c3%a9-110770921479381","article_modified_time":"2025-12-14T18:43:12+00:00","og_image":[{"url":"http:\/\/agfcallianceglissefranchecomte.com\/wp-content\/uploads\/2024\/09\/Slalom-1024x724.jpg"}],"twitter_card":"summary_large_image","twitter_misc":{"Dur\u00e9e de lecture estim\u00e9e":"2 minutes"},"schema":{"@context":"https:\/\/schema.org","@graph":[{"@type":"WebPage","@id":"https:\/\/agfcallianceglissefranchecomte.com\/index.php\/stage-roller-freestyle\/","url":"https:\/\/agfcallianceglissefranchecomte.com\/index.php\/stage-roller-freestyle\/","name":"Cours de freestyle - slalom - AGFC","isPartOf":{"@id":"https:\/\/agfcallianceglissefranchecomte.com\/#website"},"datePublished":"2022-03-27T13:10:20+00:00","dateModified":"2025-12-14T18:43:12+00:00","description":"Stage roller freestyle - Besan\u00e7on - Ks\u00e9niia KOMARCHUK - 19 novembre 2022","breadcrumb":{"@id":"https:\/\/agfcallianceglissefranchecomte.com\/index.php\/stage-roller-freestyle\/#breadcrumb"},"inLanguage":"fr-FR","potentialAction":[{"@type":"ReadAction","target":["https:\/\/agfcallianceglissefranchecomte.com\/index.php\/stage-roller-freestyle\/"]}]},{"@type":"BreadcrumbList","@id":"https:\/\/agfcallianceglissefranchecomte.com\/index.php\/stage-roller-freestyle\/#breadcrumb","itemListElement":[{"@type":"ListItem","position":1,"name":"Accueil","item":"https:\/\/agfcallianceglissefranchecomte.com\/"},{"@type":"ListItem","position":2,"name":"Cours de freestyle &#8211; slalom"}]},{"@type":"WebSite","@id":"https:\/\/agfcallianceglissefranchecomte.com\/#website","url":"https:\/\/agfcallianceglissefranchecomte.com\/","name":"AGFC","description":"Alliance Glisse Franche Comt\u00e9","publisher":{"@id":"https:\/\/agfcallianceglissefranchecomte.com\/#organization"},"potentialAction":[{"@type":"SearchAction","target":{"@type":"EntryPoint","urlTemplate":"https:\/\/agfcallianceglissefranchecomte.com\/?s={search_term_string}"},"query-input":"required name=search_term_string"}],"inLanguage":"fr-FR"},{"@type":"Organization","@id":"https:\/\/agfcallianceglissefranchecomte.com\/#organization","name":"AGFC Roller","url":"https:\/\/agfcallianceglissefranchecomte.com\/","logo":{"@type":"ImageObject","inLanguage":"fr-FR","@id":"https:\/\/agfcallianceglissefranchecomte.com\/#\/schema\/logo\/image\/","url":"http:\/\/agfcallianceglissefranchecomte.com\/wp-content\/uploads\/2022\/01\/logo-AGFC-vb-2.jpg","contentUrl":"http:\/\/agfcallianceglissefranchecomte.com\/wp-content\/uploads\/2022\/01\/logo-AGFC-vb-2.jpg","width":229,"height":106,"caption":"AGFC Roller"},"image":{"@id":"https:\/\/agfcallianceglissefranchecomte.com\/#\/schema\/logo\/image\/"},"sameAs":["https:\/\/www.facebook.com\/AGFC-Alliance-Glisse-Franche-Comt\u00e9-110770921479381"]}]}},"_links":{"self":[{"href":"https:\/\/agfcallianceglissefranchecomte.com\/index.php\/wp-json\/wp\/v2\/pages\/31","targetHints":{"allow":["GET"]}}],"collection":[{"href":"https:\/\/agfcallianceglissefranchecomte.com\/index.php\/wp-json\/wp\/v2\/pages"}],"about":[{"href":"https:\/\/agfcallianceglissefranchecomte.com\/index.php\/wp-json\/wp\/v2\/types\/page"}],"author":[{"embeddable":true,"href":"https:\/\/agfcallianceglissefranchecomte.com\/index.php\/wp-json\/wp\/v2\/users\/1"}],"replies":[{"embeddable":true,"href":"https:\/\/agfcallianceglissefranchecomte.com\/index.php\/wp-json\/wp\/v2\/comments?post=31"}],"version-history":[{"count":22,"href":"https:\/\/agfcallianceglissefranchecomte.com\/index.php\/wp-json\/wp\/v2\/pages\/31\/revisions"}],"predecessor-version":[{"id":237,"href":"https:\/\/agfcallianceglissefranchecomte.com\/index.php\/wp-json\/wp\/v2\/pages\/31\/revisions\/237"}],"wp:attachment":[{"href":"https:\/\/agfcallianceglissefranchecomte.com\/index.php\/wp-json\/wp\/v2\/media?parent=31"}],"curies":[{"name":"wp","href":"https:\/\/api.w.org\/{rel}","templated":true}]}}